

{"id":3,"date":"2023-09-29T09:37:32","date_gmt":"2023-09-29T09:37:32","guid":{"rendered":"https:\/\/juwork.de\/?page_id=3"},"modified":"2024-05-28T12:17:25","modified_gmt":"2024-05-28T10:17:25","slug":"datenschutzhinweise","status":"publish","type":"page","link":"https:\/\/juwork.de\/de\/datenschutzhinweise\/","title":{"rendered":"Datenschutzhinweise"},"content":{"rendered":"<div data-elementor-type=\"wp-page\" data-elementor-id=\"3\" class=\"elementor elementor-3\" data-elementor-post-type=\"page\">\n\t\t\t\t<div class=\"elementor-element elementor-element-7de290cb e-flex e-con-boxed e-con e-parent\" data-id=\"7de290cb\" data-element_type=\"container\" data-e-type=\"container\" data-settings=\"{&quot;background_background&quot;:&quot;classic&quot;}\">\n\t\t\t\t\t<div class=\"e-con-inner\">\n\t\t\t\t<div class=\"elementor-element elementor-element-f39e238 elementor-widget elementor-widget-heading\" data-id=\"f39e238\" data-element_type=\"widget\" data-e-type=\"widget\" data-widget_type=\"heading.default\">\n\t\t\t\t<div class=\"elementor-widget-container\">\n\t\t\t\t\t<h1 class=\"elementor-heading-title elementor-size-default\">Datenschutzhinweise<\/h1>\t\t\t\t<\/div>\n\t\t\t\t<\/div>\n\t\t\t\t<div class=\"elementor-element elementor-element-308e1e0a elementor-widget elementor-widget-text-editor\" data-id=\"308e1e0a\" data-element_type=\"widget\" data-e-type=\"widget\" data-widget_type=\"text-editor.default\">\n\t\t\t\t<div class=\"elementor-widget-container\">\n\t\t\t\t\t\t\t\t\t\n<p>Diese Datenschutzerkl\u00e4rung informiert Sie \u00fcber Art, Umfang und Zweck der Verarbeitung Ihrer personenbezogenen Daten durch die datenschutzrechtlichen Verantwortliche gem. Art. 13 und 14 Datenschutz-Grundverordnung (DSGVO).<\/p>\n\n<p>\u00a0<\/p>\n\n<h2 class=\"wp-block-heading\">Anwendungsbereich und Verantwortlicher<\/h2>\n\n<p>Diese Datenschutzerkl\u00e4rung gilt f\u00fcr das Internetangebot von der Jugendwohnen im Kiez e.V., welche unter der Domain https:\/\/juwork.de erreichbar ist.<\/p>\n\n<p><strong>Die verantwortliche Stelle gem\u00e4\u00df Art. 4 Abs. 7 DSGVO f\u00fcr die Datenverarbeitung auf dieser Website ist:<\/strong><\/p>\n\n<p>Jugendwohnen im Kiez e.V.<br \/>Hobrechtstra\u00dfe 55<br \/>12047 Berlin<br \/>Tel.: 030 74756-0 | Fax: 030 74756-101<br \/>info@jugendwohnen-berlin.de<\/p>\n\n<p>\u00a0<\/p>\n\n<h2 class=\"wp-block-heading\">Datenschutzbeauftragter<\/h2>\n\n<p>Wir haben einen betrieblichen Datenschutzbeauftragten bestellt und ein Datenschutz-Team im Einsatz. Verwenden Sie bitte bei Fragen rund um den Umgang mit Ihren Daten, deren Schutz und bei anderen Datenschutzangelegenheiten ausschlie\u00dflich die E-Maildresse <a href=\"mailto:udo.wenzel@agentia.de\">udo.wenzel@agentia.de<\/a>. \u00dcber diesen Weg k\u00f6nnen wir sicherstellen, dass Ihr Anliegen fristgerecht bearbeitet wird.<\/p>\n\n<p>\u00a0<\/p>\n<p>\u00a0<\/p>\n\n<h2 class=\"wp-block-heading\">Details der Verarbeitung auf der Webseite<\/h2>\n\n<p><strong class=\"privacy-policy-tutorial\">Wie werden Ihre Daten im Einzelnen verarbeitet? <\/strong><\/p>\n\n<p>Nachfolgend informieren wir Sie \u00fcber die einzelnen Verarbeitungsvorg\u00e4nge, den Umfang und den Zweck der Datenverarbeitung, die Rechtsgrundlage, die Pflicht zur Bereitstellung Ihrer Daten und die jeweilige Speicherdauer. Eine automatisierte Entscheidung im Einzelfall, einschlie\u00dflich Profiling findet nicht statt.<\/p>\n\n<h2 class=\"wp-block-heading\">Website-Darstellung<\/h2>\n\n<h3 class=\"wp-block-heading\"><strong class=\"privacy-policy-tutorial\">ZWECK <\/strong><\/h3>\n\n<p>Wir erheben Ihre Daten f\u00fcr die Bereitstellung der Website, um die Verf\u00fcgbarkeit zugeh\u00f6riger Dienste anzubieten, f\u00fcr eine effiziente Gestaltung der Webseite und um die Sicherheit der Webseite zu Gew\u00e4hrleisten.<\/p>\n\n<h3 class=\"wp-block-heading\">KATEGORIEN VERARBEITETER DATEN<\/h3>\n\n<p>Dabei werden von Ihnen die IP-Adresse, der Internet-Service-Provider des zugreifenden Systems, das Datum und die Uhrzeit des Zugriffs auf die Internetseite, der verwendete Browsertyp und Version, das vom zugreifenden System verwendete Betriebssystem und die Internetseite, von der ein zugreifendes System auf unsere Internetseite gelangt gespeichert.<\/p>\n\n<h3 class=\"wp-block-heading\">KATEGORIEN VON EMPF\u00c4NGERN<\/h3>\n\n<p>Ihre Daten werden an die Mitarbeitenden des Website-Hosters weitergegeben.<\/p>\n\n<h3 class=\"wp-block-heading\">DRITTSTAATEN-DATENTRANSFER<\/h3>\n\n<p>Es findet kein Drittstaaten-Transfer statt.<\/p>\n\n<h3 class=\"wp-block-heading\">SPEICHERDAUER BZW. DEREN KRITERIEN<\/h3>\n\n<p>Die Speicherung erfolgt f\u00fcr die Dauer der Anzeige der Website.<\/p>\n\n<h3 class=\"wp-block-heading\">RECHTSGRUNDLAGE<\/h3>\n\n<p>Die Erhebung Ihrer Daten erfolgt auf der Grundlage von Art. 6 Abs. 1 b) DSGVO (Vertragserf\u00fcllung) und Art. 6 Abs. 1 f) DSGVO (berechtigtes Interesse).<\/p>\n\n<p>\u00a0<\/p>\n<p>\u00a0<\/p>\n\n<h2 class=\"wp-block-heading\">Anfrage per E-Mail oder Telefon<\/h2>\n\n<h3 class=\"wp-block-heading\">ZWECK<\/h3>\n\n<p>Wir erheben Ihre Daten zum Zweck der Kontaktaufnahme.<\/p>\n\n<h3 class=\"wp-block-heading\">KATEGORIEN VERARBEITETER DATEN<\/h3>\n\n<p>Dabei werden von Ihnen der Name und die Anfrage gespeichert.<\/p>\n\n<h3 class=\"wp-block-heading\">KATEGORIEN VON EMPF\u00c4NGERN<\/h3>\n\n<p>Ihre Daten werden an Mitarbeitende von JUWORK weitergegeben.<\/p>\n\n<h3 class=\"wp-block-heading\">DRITTSTAATEN-DATENTRANSFER<\/h3>\n\n<p>Es findet kein Drittstaatentransfer statt.<\/p>\n\n<h3 class=\"wp-block-heading\">SPEICHERDAUER BZW. DEREN KRITERIEN<\/h3>\n\n<p>Die L\u00f6schung erfolgt nach Zweckfortfall.<\/p>\n\n<h3 class=\"wp-block-heading\">RECHTSGRUNDLAGE<\/h3>\n\n<p>Die Erhebung Ihrer Daten erfolgt auf der Grundlage von Art. 6 Abs. 1 b) DSGVO (Vertragserf\u00fcllung).<\/p>\n\n<p>\u00a0<\/p>\n<p>\u00a0<\/p>\n\n<h2 class=\"wp-block-heading\">Kontaktformular<\/h2>\n\n<h3 class=\"wp-block-heading\">ZWECK<\/h3>\n\n<p>Wir erheben Ihre Daten zum Zweck der Kontaktaufnahme.<\/p>\n\n<h3 class=\"wp-block-heading\">KATEGORIEN VERARBEITETER DATEN<\/h3>\n\n<p>Dabei werden von Ihnen E-Mailadresse, Vorname, Nachname<br \/>und Inhalt Ihrer Nachricht gespeichert.<\/p>\n\n<h3 class=\"wp-block-heading\">KATEGORIEN VON EMPF\u00c4NGERN<\/h3>\n\n<p>Ihre Daten werden an Mitarbeitende von JUWORK weitergegeben.<\/p>\n\n<h3 class=\"wp-block-heading\">DRITTSTAATEN-DATENTRANSFER<\/h3>\n\n<p>Es findet kein Drittstaatentransfer statt.<\/p>\n\n<h3 class=\"wp-block-heading\">SPEICHERDAUER BZW. DEREN KRITERIEN<\/h3>\n\n<p>Die L\u00f6schung erfolgt nach Zweckfortfall.<\/p>\n\n<h3 class=\"wp-block-heading\">RECHTSGRUNDLAGE<\/h3>\n\n<p>Die Erhebung Ihrer Daten erfolgt auf der Grundlage von Art. 6 Abs. 1 b) DSGVO (Vertragserf\u00fcllung).<\/p>\n\n<p>\u00a0<\/p>\n<p>\u00a0<\/p>\n\n<h2 class=\"wp-block-heading\">Umgang mit Bewerberdaten<\/h2>\n\n<h3 class=\"wp-block-heading\">ZWECK<\/h3>\n\n<p>Wir bieten Ihnen die M\u00f6glichkeit, sich bei uns zu bewerben.<\/p>\n\n<h3 class=\"wp-block-heading\">KATEGORIEN VERARBEITETER DATEN<\/h3>\n\n<p>Wenn Sie uns eine Bewerbung zusenden, verarbeiten wir Ihre damit verbundenen personenbezogenen Daten (Kontakt- und Kommunikationsdaten, Lebenslauf, Zeugnisse, Notizen im Rahmen von Bewerbungsgespr\u00e4chen), soweit dies zur Entscheidung \u00fcber die Begr\u00fcndung eines Besch\u00e4ftigungsverh\u00e4ltnisses erforderlich ist.<\/p>\n\n<h3 class=\"wp-block-heading\">KATEGORIEN VON EMPF\u00c4NGERN<\/h3>\n\n<p>Ihre Daten werden an Mitarbeitende von JUWORK weitergegeben.<\/p>\n\n<h3 class=\"wp-block-heading\">DRITTSTAATEN-DATENTRANSFER<\/h3>\n\n<p>Es findet kein Drittstaatentransfer statt.<\/p>\n\n<h3 class=\"wp-block-heading\">SPEICHERDAUER BZW. DEREN KRITERIEN<\/h3>\n\n<p>Bei Einstellung werden die erhobenen Daten in die Personalakte \u00fcbernommen und bis zur Beendigung des Besch\u00e4ftigungsverh\u00e4ltnisses aufbewahrt und bei einer Ablehnung werden die Daten 6 Monate nach der Absage gel\u00f6scht.<\/p>\n\n<h3 class=\"wp-block-heading\">RECHTSGRUNDLAGE<\/h3>\n\n<p>Die Erhebung Ihrer Daten erfolgt auf der Grundlage von Art. 6 Abs. 1 b) DSGVO (Vertragserf\u00fcllung).<\/p>\n\n<p>\u00a0<\/p>\n<p>\u00a0<\/p>\n\n<h2 class=\"wp-block-heading\">Anmeldung auf der Besch\u00e4ftigten-Plattform<\/h2>\n\n<h3 class=\"wp-block-heading\">ZWECK<\/h3>\n\n<p>Die Plattform dient als Werkzeug f\u00fcr die Durchf\u00fchrung der Pflicht-Schulungen sowie f\u00fcr den Informationsaustausch, die Kommunikation und die Bereitstellung von zus\u00e4tzlichen Lernm\u00f6glichkeiten zur F\u00f6rderung von Wissen und pers\u00f6nlicher Weiterentwicklung.<\/p>\n\n<h3 class=\"wp-block-heading\">KATEGORIEN VERARBEITETER DATEN<\/h3>\n\n<p>F\u00fcr die Anmeldung werden von Ihnen folgende Daten erfasst und verarbeitet: Ihre E-Mail-Adresse, Vorname, Nachname, Profilname sowie optional Ihre Arbeitsstelle und Kompetenzen.<\/p>\n\n<h3 class=\"wp-block-heading\">KATEGORIEN VON EMPF\u00c4NGERN<\/h3>\n\n<p>Ihre Daten werden an Mitarbeitende von JUWORK weitergegeben.<\/p>\n\n<h3 class=\"wp-block-heading\">DRITTSTAATEN-DATENTRANSFER<\/h3>\n\n<p>Es findet kein Drittstaatentransfer statt.<\/p>\n\n<h3 class=\"wp-block-heading\">SPEICHERDAUER BZW. DEREN KRITERIEN<\/h3>\n\n<p>Ihre Daten werden so lange gespeichert, wie es zur Erf\u00fcllung der vertraglichen und gesetzlichen Verpflichtungen erforderlich ist und solange der Zweck der Speicherung weiterhin relevant ist.<\/p>\n\n<h3 class=\"wp-block-heading\">RECHTSGRUNDLAGE<\/h3>\n\n<p>Die Verarbeitung Ihrer Daten im Rahmen von verpflichtenden Schulungen erfolgt auf der Grundlage von Art. 6 Abs. 1 c) DSGVO (Erf\u00fcllung einer gesetzlichen Pflicht).<\/p>\n\n<p>\u00a0<\/p>\n<p>\u00a0<\/p>\n<h2>Einbindung von YouTube Videos (im erweiterten Datenschutzmodus)<\/h2>\n<h3>ZWECK<\/h3>\n<p>Wir erheben Ihre Daten, um das Abspielen von Videos zu erm\u00f6glichen.<\/p>\n<h3>KATEGORIEN VERARBEITETER DATEN<\/h3>\n<p>Um den Datenschutz zu gew\u00e4hrleisten, nutzen wir die erweiterten Datenschutzvoreinstellungen von YouTube. Diese Einstellungen verhindern, dass YouTube automatisch Daten von Ihnen erfasst, wenn Sie unsere Seite besuchen. Erst wenn Sie aktiv das Video durch Klicken auf den Play-Button starten, wird eine Verbindung zu den Servern von YouTube hergestellt und Daten an YouTube \u00fcbermittelt.<\/p>\n<p>Erst durch das Aktivieren des Videos werden die folgenden Daten an YouTube \u00fcbermittelt:<\/p>\n<ul>\n<li>Ihre IP-Adresse<\/li>\n<li>Informationen \u00fcber Ihren Browsertyp und Ihre Betriebssystemversion<\/li>\n<li>Die Webseite, von der Sie gekommen sind (Referrer-URL)<\/li>\n<li>Die aufgerufene Seite auf unserer Webseite<\/li>\n<li>Datum und Uhrzeit des Zugriffs<\/li>\n<\/ul>\n<h3>KATEGORIEN VON EMPF\u00c4NGERN<\/h3>\n<p>Ihre Daten werden an Mitarbeitende von JUWORK und Google weitergegeben.<\/p>\n<h3>DRITTSTAATEN-DATENTRANSFER<\/h3>\n<p>Es findet ein Drittstaatentransfer nach Zertifizierung EU-U.S. Data Privacy Framework statt.<br \/>(Google LLC, 1600 Amphitheatre Parkway, Mountain View, CA 94043 USA)<\/p>\n<h3>SPEICHERDAUER BZW. DEREN KRITERIEN<\/h3>\n<p>Die konkrete Speicherdauer der verarbeiteten Daten ist nicht durch uns beeinflussbar, sondern wird von Google bestimmt. Weitere Hinweise finden Sie in der Datenschutzerkl\u00e4rung f\u00fcr Google Ads: https:\/\/policies.google.com\/privacy.<\/p>\n<h3>RECHTSGRUNDLAGE<\/h3>\n<p>Die Erhebung Ihrer Daten erfolgt auf der Grundlage von Art. 6 Abs. 1 f) DSGVO (berechtigtes Interesse).<\/p>\n<h2>\u00a0<\/h2>\n<h2><br \/>Einbindung von Vimeo Videos (im erweiterten Datenschutzmodus)<\/h2>\n<h3>ZWECK<\/h3>\n<p>Wir erheben Ihre Daten, um das Abspielen von Videos zu erm\u00f6glichen.<\/p>\n<h3>KATEGORIEN VERARBEITETER DATEN<\/h3>\n<p>Um den Datenschutz zu gew\u00e4hrleisten, nutzen wir die erweiterten Datenschutzvoreinstellungen von Vimeo. Diese Einstellungen verhindern, dass Vimeo automatisch Daten von Ihnen erfasst, wenn Sie unsere Seite besuchen. Erst wenn Sie aktiv das Video durch Klicken auf den Play-Button starten, wird eine Verbindung zu den Servern von Vimeo hergestellt und Daten an Vimeo \u00fcbermittelt.<\/p>\n<p>Erst durch das Aktivieren des Videos werden die folgenden Daten an Vimeo \u00fcbermittelt:<\/p>\n<ul>\n<li>Ihre IP-Adresse<\/li>\n<li>Informationen \u00fcber Ihren Browsertyp und Ihre Betriebssystemversion<\/li>\n<li>Die Webseite, von der Sie gekommen sind (Referrer-URL)<\/li>\n<li>Die aufgerufene Seite auf unserer Webseite<\/li>\n<li>Datum und Uhrzeit des Zugriffs<\/li>\n<\/ul>\n<h3>KATEGORIEN VON EMPF\u00c4NGERN<\/h3>\n<p>Ihre Daten werden an Mitarbeitende von JUWORK und Vimeo weitergegeben.<\/p>\n<h3>DRITTSTAATEN-DATENTRANSFER<\/h3>\n<p>Es findet ein Drittstaatentransfer nach Zertifizierung EU-U.S. Data Privacy Framework statt.<br \/>(Vimeo LLC, 555 West 18th Street, New York, New York 10011, USA.)<\/p>\n<h3>SPEICHERDAUER BZW. DEREN KRITERIEN<\/h3>\n<p>Ihre Daten werden so lange gespeichert, wie es zur Erf\u00fcllung der vertraglichen und gesetzlichen Verpflichtungen erforderlich ist und solange der Zweck der Speicherung weiterhin relevant ist.<\/p>\n<h3>RECHTSGRUNDLAGE<\/h3>\n<p>Die Erhebung Ihrer Daten erfolgt auf der Grundlage von Art. 6 Abs. 1 f) DSGVO (berechtigtes Interesse).<\/p>\n<p>\u00a0<\/p>\n<p>\u00a0<\/p>\n\n<h2 class=\"wp-block-heading\">Rechte der betroffenen Person<\/h2>\n\n<p>Gem\u00e4\u00df Art. 7 Abs. 3 DSGVO k\u00f6nnen Sie Ihre einmal erteilte Einwilligung jederzeit widerrufen. Dies hat zur Folge, dass die Datenverarbeitung, die auf dieser Einwilligung beruhte, f\u00fcr die Zukunft nicht mehr fortgef\u00fchrt werden darf.<\/p>\n\n<p>Gem\u00e4\u00df Art. 15 DSGVO k\u00f6nnen Sie jederzeit Auskunft \u00fcber Ihre verarbeiteten personenbezogenen Daten verlangen. Insbesondere k\u00f6nnen sie Auskunft \u00fcber die Verarbeitungszwecke, die Kategorie der personenbezogenen Daten, die Kategorien von Empf\u00e4ngern, gegen\u00fcber denen Ihre Daten offengelegt wurden oder werden, die geplante Speicherdauer, das Bestehen eines Rechts auf Berichtigung, L\u00f6schung, Einschr\u00e4nkung der Verarbeitung oder Widerspruch, das Bestehen eines Beschwerderechts, die Herkunft Ihrer Daten, sowie \u00fcber das Bestehen einer automatisierten Entscheidungsfindung einschlie\u00dflich Profiling und ggf. aussagekr\u00e4ftigen Informationen zu deren Einzelheiten verlangen.<\/p>\n\n<p>Gem\u00e4\u00df Art. 16 DSGVO k\u00f6nnen Sie unverz\u00fcglich die Berichtigung unrichtiger oder Vervollst\u00e4ndigung Ihrer gespeicherten personenbezogenen Daten zu verlangen.<\/p>\n\n<p>Gem\u00e4\u00df Art. 17 DSGVO k\u00f6nnen Sie die L\u00f6schung Ihrer gespeicherten personenbezogenen Daten verlangen, soweit nicht die Verarbeitung zur Aus\u00fcbung des Rechts auf freie Meinungs\u00e4u\u00dferung und Information, zur Erf\u00fcllung einer rechtlichen Verpflichtung, aus Gr\u00fcnden des \u00f6ffentlichen Interesses oder zur Geltendmachung, Aus\u00fcbung oder Verteidigung von Rechtsanspr\u00fcchen erforderlich ist.<\/p>\n\n<p>Gem\u00e4\u00df Art. 18 DSGVO k\u00f6nnen Sie die Einschr\u00e4nkung der Verarbeitung ihrer personenbezogenen Daten verlangen, soweit die Richtigkeit der Daten von Ihnen bestritten wird, die Verarbeitung unrechtm\u00e4\u00dfig ist, Sie aber deren L\u00f6schung ablehnen und die Daten nicht mehr ben\u00f6tigt werden, Sie jedoch diese zur Geltendmachung, Aus\u00fcbung oder Verteidigung von Rechtsanspr\u00fcchen ben\u00f6tigen oder Sie gem\u00e4\u00df Art. 21 DSGVO Widerspruch gegen die Verarbeitung eingelegt haben.<\/p>\n\n<p>Gem\u00e4\u00df Art. 20 DSGVO k\u00f6nnen Sie Ihre personenbezogenen Daten, die Sie bereitgestellt haben, in einem strukturierten, g\u00e4ngigen und maschinenlesebaren Format erhalten oder die \u00dcbermittlung an einen anderen Verantwortlichen verlangen und gem\u00e4\u00df Art. 77 DSGVO k\u00f6nnen Sie sich bei einer Aufsichtsbeh\u00f6rde beschweren.<\/p>\n\t\t\t\t\t\t\t\t<\/div>\n\t\t\t\t<\/div>\n\t\t\t\t\t<\/div>\n\t\t\t\t<\/div>\n\t\t\t\t<\/div>","protected":false},"excerpt":{"rendered":"<p>Datenschutzhinweise Diese Datenschutzerkl\u00e4rung informiert Sie \u00fcber Art, Umfang und Zweck der Verarbeitung Ihrer personenbezogenen Daten durch die datenschutzrechtlichen Verantwortliche gem. Art. 13 und 14 Datenschutz-Grundverordnung&hellip;<\/p>","protected":false},"author":667,"featured_media":0,"parent":0,"menu_order":0,"comment_status":"closed","ping_status":"closed","template":"","meta":{"_acf_changed":false,"_price":"","_stock":"","_tribe_ticket_header":"","_tribe_default_ticket_provider":"","_tribe_ticket_capacity":"0","_ticket_start_date":"","_ticket_end_date":"","_tribe_ticket_show_description":"","_tribe_ticket_show_not_going":false,"_tribe_ticket_use_global_stock":"","_tribe_ticket_global_stock_level":"","_global_stock_mode":"","_global_stock_cap":"","_tribe_rsvp_for_event":"","_tribe_ticket_going_count":"","_tribe_ticket_not_going_count":"","_tribe_tickets_list":"[]","_tribe_ticket_has_attendee_info_fields":false,"footnotes":""},"class_list":["post-3","page","type-page","status-publish","hentry"],"acf":[],"_links":{"self":[{"href":"https:\/\/juwork.de\/de\/wp-json\/wp\/v2\/pages\/3","targetHints":{"allow":["GET"]}}],"collection":[{"href":"https:\/\/juwork.de\/de\/wp-json\/wp\/v2\/pages"}],"about":[{"href":"https:\/\/juwork.de\/de\/wp-json\/wp\/v2\/types\/page"}],"author":[{"embeddable":true,"href":"https:\/\/juwork.de\/de\/wp-json\/wp\/v2\/users\/667"}],"replies":[{"embeddable":true,"href":"https:\/\/juwork.de\/de\/wp-json\/wp\/v2\/comments?post=3"}],"version-history":[{"count":0,"href":"https:\/\/juwork.de\/de\/wp-json\/wp\/v2\/pages\/3\/revisions"}],"wp:attachment":[{"href":"https:\/\/juwork.de\/de\/wp-json\/wp\/v2\/media?parent=3"}],"curies":[{"name":"wp","href":"https:\/\/api.w.org\/{rel}","templated":true}]}}