

{"id":9758,"date":"2023-10-06T12:37:00","date_gmt":"2023-10-06T10:37:00","guid":{"rendered":"https:\/\/juwork.de\/?page_id=9758"},"modified":"2025-08-05T13:52:47","modified_gmt":"2025-08-05T11:52:47","slug":"faq","status":"publish","type":"page","link":"https:\/\/juwork.de\/de\/faq\/","title":{"rendered":"JUWORK-Hilfe"},"content":{"rendered":"<div data-elementor-type=\"wp-page\" data-elementor-id=\"9758\" class=\"elementor elementor-9758\" data-elementor-post-type=\"page\">\n\t\t\t\t<div class=\"elementor-element elementor-element-9995ff2 e-flex e-con-boxed e-con e-parent\" data-id=\"9995ff2\" data-element_type=\"container\" data-e-type=\"container\" data-settings=\"{&quot;background_background&quot;:&quot;classic&quot;}\">\n\t\t\t\t\t<div class=\"e-con-inner\">\n\t\t\t\t<div class=\"elementor-element elementor-element-379442d elementor-widget elementor-widget-heading\" data-id=\"379442d\" data-element_type=\"widget\" data-e-type=\"widget\" data-widget_type=\"heading.default\">\n\t\t\t\t<div class=\"elementor-widget-container\">\n\t\t\t\t\t<h1 class=\"elementor-heading-title elementor-size-default\">JUWORK-HILFE<\/h1>\t\t\t\t<\/div>\n\t\t\t\t<\/div>\n\t\t<div class=\"elementor-element elementor-element-fe44aa2 e-con-full e-flex e-con e-child\" data-id=\"fe44aa2\" data-element_type=\"container\" data-e-type=\"container\">\n\t\t<div class=\"elementor-element elementor-element-9fa4613 e-con-full e-flex e-con e-child\" data-id=\"9fa4613\" data-element_type=\"container\" data-e-type=\"container\">\n\t\t\t\t<div class=\"elementor-element elementor-element-1f6ee94 elementor-widget elementor-widget-heading\" data-id=\"1f6ee94\" data-element_type=\"widget\" data-e-type=\"widget\" data-widget_type=\"heading.default\">\n\t\t\t\t<div class=\"elementor-widget-container\">\n\t\t\t\t\t<h2 class=\"elementor-heading-title elementor-size-default\">Brauchst du Hilfe bei der Benutzung von Juwork?<\/h2>\t\t\t\t<\/div>\n\t\t\t\t<\/div>\n\t\t\t\t<\/div>\n\t\t<div class=\"elementor-element elementor-element-4a90596 e-con-full e-flex e-con e-child\" data-id=\"4a90596\" data-element_type=\"container\" data-e-type=\"container\">\n\t\t\t\t<div class=\"elementor-element elementor-element-128bf43 elementor-widget elementor-widget-text-editor\" data-id=\"128bf43\" data-element_type=\"widget\" data-e-type=\"widget\" data-widget_type=\"text-editor.default\">\n\t\t\t\t<div class=\"elementor-widget-container\">\n\t\t\t\t\t\t\t\t\t<p>Kein Problem! <br \/>Genau daf\u00fcr gibt es unsere &#8222;Juwork-Hilfe&#8220;. Klicke einfach unten rechts auf das kleine gr\u00fcne Symbol mit der Sprechblase.<\/p><p><img decoding=\"async\" class=\"alignnone size-full wp-image-15691\" src=\"https:\/\/juwork.de\/wp-content\/uploads\/2024\/08\/Juwork-Hilfe.jpg\" alt=\"\" width=\"59\" height=\"62\" srcset=\"https:\/\/juwork.de\/wp-content\/uploads\/2024\/08\/Juwork-Hilfe.jpg 59w, https:\/\/juwork.de\/wp-content\/uploads\/2024\/08\/Juwork-Hilfe-11x12.jpg 11w\" sizes=\"(max-width: 59px) 100vw, 59px\" \/><\/p><p>Hier w\u00e4hlst du die &#8222;Juwork-Hilfe&#8220; mit Antworten zu den h\u00e4ufigsten Fragen aus. <br \/>Damit es \u00fcbersichtlicher wird, haben wir die Fragen nach Themenbereichen sortiert.<\/p><p>Alternativ kannst du in dem Feld &#8222;Suche&#8220; auch einfach einen Suchbegriff eingeben und anschlie\u00dfend auf das kleine Lupen-Symbol klicken.<br \/><img decoding=\"async\" class=\"alignnone size-medium wp-image-15929\" src=\"https:\/\/juwork.de\/wp-content\/uploads\/2024\/09\/Symbol-Lupe-300x50.jpg\" alt=\"\" width=\"300\" height=\"50\" srcset=\"https:\/\/juwork.de\/wp-content\/uploads\/2024\/09\/Symbol-Lupe-300x50.jpg 300w, https:\/\/juwork.de\/wp-content\/uploads\/2024\/09\/Symbol-Lupe-18x3.jpg 18w, https:\/\/juwork.de\/wp-content\/uploads\/2024\/09\/Symbol-Lupe-360x60.jpg 360w, https:\/\/juwork.de\/wp-content\/uploads\/2024\/09\/Symbol-Lupe.jpg 378w\" sizes=\"(max-width: 300px) 100vw, 300px\" \/><\/p><p><strong>Du brauchst Hilfe bei der Anmeldung?<\/strong><br \/>Deine Zugangsdaten erh\u00e4ltst du per E-Mail &#8211; sofern du eine pers\u00f6nliche @jugendwohnen-berlin.de-Mailadresse hast oder uns deine private E-Mail-Adresse f\u00fcr JUWORK zur Verf\u00fcgung gestellt hast. Anderenfalls erh\u00e4ltst du auf dem Postweg die Zugangsdaten zu einem pers\u00f6nlichen @juwork.de-Mailkonto. Damit kannst du dich \u00fcber den Webmailer anmelden: <a href=\"https:\/\/webmail.juwork.de\/\" target=\"_blank\" rel=\"noopener\">https:\/\/webmail.juwork.de\/<\/a> Im Posteingang findest du deine Zugangsdaten f\u00fcr JUWORK, mit denen du dich auf dieser Seite anmelden kannst.\u00a0 Eine detaillierte Anleitung zum \u00d6ffnen dieses Postfachs kannst du <a href=\"https:\/\/juwork.de\/wp-content\/uploads\/2025\/02\/Anleitung_juwork-Webmailer-oeffnen-2.pdf\" target=\"_blank\" rel=\"noopener\">hier<\/a> herunterladen.<br \/>Den Kontakt zur JUWORK-Benutzerverwaltung bzw. zu unserem Support-Team findest du auf der Startseite, wenn du ausgeloggt bist.<\/p><p>Falls du hier keine passende L\u00f6sung f\u00fcr dein Problem finden solltest, dann schreib&#8216; uns \u00fcber das <a href=\"https:\/\/juwork.de\/de\/kontakt\/\" target=\"_blank\" rel=\"noopener\">Kontaktformular<\/a>.<\/p>\t\t\t\t\t\t\t\t<\/div>\n\t\t\t\t<\/div>\n\t\t\t\t<\/div>\n\t\t\t\t<\/div>\n\t\t\t\t\t<\/div>\n\t\t\t\t<\/div>\n\t\t\t\t<\/div>","protected":false},"excerpt":{"rendered":"<p>JUWORK-HILFE Brauchst du Hilfe bei der Benutzung von Juwork? Kein Problem! Genau daf\u00fcr gibt es unsere &#8222;Juwork-Hilfe&#8220;. Klicke einfach unten rechts auf das kleine gr\u00fcne&hellip;<\/p>","protected":false},"author":2,"featured_media":0,"parent":0,"menu_order":0,"comment_status":"closed","ping_status":"closed","template":"","meta":{"_acf_changed":false,"_price":"","_stock":"","_tribe_ticket_header":"","_tribe_default_ticket_provider":"","_tribe_ticket_capacity":"0","_ticket_start_date":"","_ticket_end_date":"","_tribe_ticket_show_description":"","_tribe_ticket_show_not_going":false,"_tribe_ticket_use_global_stock":"","_tribe_ticket_global_stock_level":"","_global_stock_mode":"","_global_stock_cap":"","_tribe_rsvp_for_event":"","_tribe_ticket_going_count":"","_tribe_ticket_not_going_count":"","_tribe_tickets_list":"[]","_tribe_ticket_has_attendee_info_fields":false,"footnotes":""},"class_list":["post-9758","page","type-page","status-publish","hentry"],"acf":[],"_links":{"self":[{"href":"https:\/\/juwork.de\/de\/wp-json\/wp\/v2\/pages\/9758","targetHints":{"allow":["GET"]}}],"collection":[{"href":"https:\/\/juwork.de\/de\/wp-json\/wp\/v2\/pages"}],"about":[{"href":"https:\/\/juwork.de\/de\/wp-json\/wp\/v2\/types\/page"}],"author":[{"embeddable":true,"href":"https:\/\/juwork.de\/de\/wp-json\/wp\/v2\/users\/2"}],"replies":[{"embeddable":true,"href":"https:\/\/juwork.de\/de\/wp-json\/wp\/v2\/comments?post=9758"}],"version-history":[{"count":0,"href":"https:\/\/juwork.de\/de\/wp-json\/wp\/v2\/pages\/9758\/revisions"}],"wp:attachment":[{"href":"https:\/\/juwork.de\/de\/wp-json\/wp\/v2\/media?parent=9758"}],"curies":[{"name":"wp","href":"https:\/\/api.w.org\/{rel}","templated":true}]}}